{"id":6,"date":"2008-02-16T17:54:16","date_gmt":"2008-02-16T16:54:16","guid":{"rendered":"http:\/\/www.mykop.de\/?page_id=6"},"modified":"2018-10-27T21:38:35","modified_gmt":"2018-10-27T20:38:35","slug":"kop","status":"publish","type":"page","link":"http:\/\/www.mykop.de\/?page_id=6","title":{"rendered":"Kop ***"},"content":{"rendered":"<p>Der Autor (30+), leidenschaftlicher Wortwitzler &#8230; lebte in verschiedenen Orten und genie\u00dft das Leben.<br \/>\nViel Spa\u00df auf <a title=\"goingeast.de\" href=\"http:\/\/www.goingeast.de\" target=\"_blank\" rel=\"noopener\">goingeast.de<\/a>; keiner Partei, keiner Religion, nur einem Gef\u00fchl verpflichtet \ud83d\ude09<\/p>\n<p>Name: Kop *** a.k.a. Robert Kopinski<\/p>\n<figure id=\"attachment_3450\" aria-describedby=\"caption-attachment-3450\" style=\"width: 415px\" class=\"wp-caption alignnone\"><a href=\"http:\/\/www.mykop.de\/wp-content\/uploads\/2008\/02\/final_draft-Kopie.jpg\"><img loading=\"lazy\" decoding=\"async\" class=\" wp-image-3450\" title=\"final_draft Kopie\" src=\"http:\/\/www.mykop.de\/wp-content\/uploads\/2008\/02\/final_draft-Kopie-300x199.jpg\" alt=\"Kop, Tikal, 2010\" width=\"415\" height=\"275\" srcset=\"http:\/\/www.goingeast.de\/wp-content\/uploads\/2008\/02\/final_draft-Kopie-300x199.jpg 300w, http:\/\/www.goingeast.de\/wp-content\/uploads\/2008\/02\/final_draft-Kopie.jpg 1024w\" sizes=\"auto, (max-width: 415px) 100vw, 415px\" \/><\/a><figcaption id=\"caption-attachment-3450\" class=\"wp-caption-text\">Kop, Tikal, 2010<\/figcaption><\/figure>\n<p>one love-<\/p>\n<p>Kop ***<\/p>\n","protected":false},"excerpt":{"rendered":"<p>Der Autor (30+), leidenschaftlicher Wortwitzler &#8230; lebte in verschiedenen Orten und genie\u00dft das Leben. Viel Spa\u00df auf goingeast.de; keiner Partei, keiner Religion, nur einem Gef\u00fchl verpflichtet \ud83d\ude09 Name: Kop *** &hellip; <\/p>\n<p><a href=\"http:\/\/www.mykop.de\/?page_id=6\" class=\"btn btn-readmore\">Read More <span class=\"screen-reader-text\"> &#8220;Kop ***&#8221;<\/span><\/a><\/p>\n","protected":false},"author":1,"featured_media":0,"parent":1875,"menu_order":2,"comment_status":"open","ping_status":"open","template":"","meta":{"footnotes":""},"class_list":["post-6","page","type-page","status-publish","hentry"],"_links":{"self":[{"href":"http:\/\/www.mykop.de\/index.php?rest_route=\/wp\/v2\/pages\/6","targetHints":{"allow":["GET"]}}],"collection":[{"href":"http:\/\/www.mykop.de\/index.php?rest_route=\/wp\/v2\/pages"}],"about":[{"href":"http:\/\/www.mykop.de\/index.php?rest_route=\/wp\/v2\/types\/page"}],"author":[{"embeddable":true,"href":"http:\/\/www.mykop.de\/index.php?rest_route=\/wp\/v2\/users\/1"}],"replies":[{"embeddable":true,"href":"http:\/\/www.mykop.de\/index.php?rest_route=%2Fwp%2Fv2%2Fcomments&post=6"}],"version-history":[{"count":57,"href":"http:\/\/www.mykop.de\/index.php?rest_route=\/wp\/v2\/pages\/6\/revisions"}],"predecessor-version":[{"id":5859,"href":"http:\/\/www.mykop.de\/index.php?rest_route=\/wp\/v2\/pages\/6\/revisions\/5859"}],"up":[{"embeddable":true,"href":"http:\/\/www.mykop.de\/index.php?rest_route=\/wp\/v2\/pages\/1875"}],"wp:attachment":[{"href":"http:\/\/www.mykop.de\/index.php?rest_route=%2Fwp%2Fv2%2Fmedia&parent=6"}],"curies":[{"name":"wp","href":"https:\/\/api.w.org\/{rel}","templated":true}]}}